{"id":5,"date":"2024-11-28T15:14:51","date_gmt":"2024-11-28T14:14:51","guid":{"rendered":"https:\/\/josefinek.com\/?page_id=5"},"modified":"2026-02-07T11:33:39","modified_gmt":"2026-02-07T10:33:39","slug":"josefine-qui","status":"publish","type":"page","link":"https:\/\/josefinek.com\/?page_id=5","title":{"rendered":"Jos\u00e9fine qui ?"},"content":{"rendered":"\n<div class=\"wp-block-media-text is-stacked-on-mobile\"><figure class=\"wp-block-media-text__media\"><img loading=\"lazy\" decoding=\"async\" width=\"756\" height=\"567\" src=\"https:\/\/josefinek.com\/wp-content\/uploads\/2026\/02\/sautoir-flou-27x20-72dpi.jpeg\" alt=\"\" class=\"wp-image-286 size-full\" srcset=\"https:\/\/josefinek.com\/wp-content\/uploads\/2026\/02\/sautoir-flou-27x20-72dpi.jpeg 756w, https:\/\/josefinek.com\/wp-content\/uploads\/2026\/02\/sautoir-flou-27x20-72dpi-300x225.jpeg 300w, https:\/\/josefinek.com\/wp-content\/uploads\/2026\/02\/sautoir-flou-27x20-72dpi-600x450.jpeg 600w\" sizes=\"auto, (max-width: 756px) 100vw, 756px\" \/><\/figure><div class=\"wp-block-media-text__content\">\n<p>Tout le monde ne m&#8217;appelle pas Jos\u00e9fine.<\/p>\n\n\n\n<p>Mon p\u00e8re s&#8217;appelait Joseph.<br>Quand j&#8217;\u00e9tais une enfant occup\u00e9e \u00e0 grimper aux arbres, manger des framboises et courir les champs, au temps des \u00e9t\u00e9s interminables, des apr\u00e8s-midis silencieux et des jouets faits maison, mon grand-p\u00e8re m&#8217;appelait Jos\u00e9fine.<\/p>\n\n\n\n<p>Si d&#8217;aventure on allait jusqu&#8217;au village et que quelqu&#8217;un demande <br><em>&#8220;Et qui c&#8217;est, ce &#8230; petit? cette petite?&#8221;<\/em>, mon grand-p\u00e8re r\u00e9pondait invariablement : &#8220;<em>Bah c&#8217;est Jos\u00e9fine, la fille du Joseph.<\/em>&#8220;<br>Et on en restait l\u00e0.<\/p>\n\n\n\n<p>Quand il est mort, plus personne ne m&#8217;a appel\u00e9e Jos\u00e9fine.<br>Et des ann\u00e9es plus tard, quand j&#8217;ai commenc\u00e9 \u00e0 chercher un nom pour les bijoux que je fabriquais, Jos\u00e9fine \u00e9tait l\u00e0 qui m&#8217;attendait et j&#8217;ai replong\u00e9 dans cette identit\u00e9 avec d\u00e9lice.<\/p>\n<\/div><\/div>\n\n\n\n<div style=\"height:24px\" aria-hidden=\"true\" class=\"wp-block-spacer\"><\/div>\n\n\n\n<figure class=\"wp-block-image aligncenter size-large\"><img loading=\"lazy\" decoding=\"async\" width=\"1024\" height=\"371\" src=\"https:\/\/josefinek.com\/wp-content\/uploads\/2026\/02\/le-velo-dans-leau-1024x371.jpg\" alt=\"\" class=\"wp-image-280\" srcset=\"https:\/\/josefinek.com\/wp-content\/uploads\/2026\/02\/le-velo-dans-leau-1024x371.jpg 1024w, https:\/\/josefinek.com\/wp-content\/uploads\/2026\/02\/le-velo-dans-leau-300x109.jpg 300w, https:\/\/josefinek.com\/wp-content\/uploads\/2026\/02\/le-velo-dans-leau-768x279.jpg 768w, https:\/\/josefinek.com\/wp-content\/uploads\/2026\/02\/le-velo-dans-leau-600x218.jpg 600w, https:\/\/josefinek.com\/wp-content\/uploads\/2026\/02\/le-velo-dans-leau.jpg 1536w\" sizes=\"auto, (max-width: 1024px) 100vw, 1024px\" \/><\/figure>\n\n\n\n<p class=\"has-text-align-right\">Peut-\u00eatre qu&#8217;un jour je vous parlerai du  K.<\/p>\n\n\n\n<hr class=\"wp-block-separator has-alpha-channel-opacity\"\/>\n\n\n\n<blockquote class=\"wp-block-quote is-layout-flow wp-block-quote-is-layout-flow\">\n<p>Jos\u00e9fine K travaille au bord du chenal et regarde depuis la fen\u00eatre de son atelier les aigrettes garzettes qui marchent gravement dans la vase, puis les ostr\u00e9iculteurs qui lui font coucou en partant \u00e0 la mar\u00e9e sur leurs beaux chalands, puis de nouveau les aigrettes, puis les ostr\u00e9iculteurs qui reviennent de la mar\u00e9e. Elle ne travaille donc pas beaucoup.<br>Mais quand m\u00eame un peu, juste assez pour fabriquer quelques poign\u00e9es de bijoux color\u00e9s, surtout des boucles d&#8217;oreilles, qui sont en fait de petits mobiles portatifs et pleins d&#8217;esprit, qu ne ressemblent \u00e0 rien d&#8217;autre et qui font que des inconnu\u00b7es commencent \u00e0 vous parler dans la file d&#8217;attente du cin\u00e9ma ou \u00e0 la caisse du Carrefour Market. Elle les fabrique avec du plastique; qui est son obsession, du fil de p\u00eache parce que \u00e7a tient bien et que c&#8217;est ultra-l\u00e9ger, et beaucoup de joie, et normalement cette joie se voit un peu sur vous, apr\u00e8s, quand vous les portez. <\/p>\n<\/blockquote>\n","protected":false},"excerpt":{"rendered":"<p>Tout le monde ne m&#8217;appelle pas Jos\u00e9fine. Mon p\u00e8re s&#8217;appelait Joseph.Quand j&#8217;\u00e9tais une enfant occup\u00e9e \u00e0 grimper aux arbres, manger [&hellip;]<\/p>\n","protected":false},"author":1,"featured_media":0,"parent":0,"menu_order":0,"comment_status":"closed","ping_status":"closed","template":"","meta":{"site-sidebar-layout":"default","site-content-layout":"","ast-site-content-layout":"default","site-content-style":"default","site-sidebar-style":"default","ast-global-header-display":"","ast-banner-title-visibility":"","ast-main-header-display":"","ast-hfb-above-header-display":"","ast-hfb-below-header-display":"","ast-hfb-mobile-header-display":"","site-post-title":"","ast-breadcrumbs-content":"","ast-featured-img":"","footer-sml-layout":"","ast-disable-related-posts":"","theme-transparent-header-meta":"","adv-header-id-meta":"","stick-header-meta":"","header-above-stick-meta":"","header-main-stick-meta":"","header-below-stick-meta":"","astra-migrate-meta-layouts":"default","ast-page-background-enabled":"default","ast-page-background-meta":{"desktop":{"background-color":"var(--ast-global-color-4)","background-image":"","background-repeat":"repeat","background-position":"center center","background-size":"auto","background-attachment":"scroll","background-type":"","background-media":"","overlay-type":"","overlay-color":"","overlay-opacity":"","overlay-gradient":""},"tablet":{"background-color":"","background-image":"","background-repeat":"repeat","background-position":"center center","background-size":"auto","background-attachment":"scroll","background-type":"","background-media":"","overlay-type":"","overlay-color":"","overlay-opacity":"","overlay-gradient":""},"mobile":{"background-color":"","background-image":"","background-repeat":"repeat","background-position":"center center","background-size":"auto","background-attachment":"scroll","background-type":"","background-media":"","overlay-type":"","overlay-color":"","overlay-opacity":"","overlay-gradient":""}},"ast-content-background-meta":{"desktop":{"background-color":"var(--ast-global-color-5)","background-image":"","background-repeat":"repeat","background-position":"center center","background-size":"auto","background-attachment":"scroll","background-type":"","background-media":"","overlay-type":"","overlay-color":"","overlay-opacity":"","overlay-gradient":""},"tablet":{"background-color":"var(--ast-global-color-5)","background-image":"","background-repeat":"repeat","background-position":"center center","background-size":"auto","background-attachment":"scroll","background-type":"","background-media":"","overlay-type":"","overlay-color":"","overlay-opacity":"","overlay-gradient":""},"mobile":{"background-color":"var(--ast-global-color-5)","background-image":"","background-repeat":"repeat","background-position":"center center","background-size":"auto","background-attachment":"scroll","background-type":"","background-media":"","overlay-type":"","overlay-color":"","overlay-opacity":"","overlay-gradient":""}},"two_page_speed":[],"footnotes":""},"class_list":["post-5","page","type-page","status-publish","hentry"],"_links":{"self":[{"href":"https:\/\/josefinek.com\/index.php?rest_route=\/wp\/v2\/pages\/5","targetHints":{"allow":["GET"]}}],"collection":[{"href":"https:\/\/josefinek.com\/index.php?rest_route=\/wp\/v2\/pages"}],"about":[{"href":"https:\/\/josefinek.com\/index.php?rest_route=\/wp\/v2\/types\/page"}],"author":[{"embeddable":true,"href":"https:\/\/josefinek.com\/index.php?rest_route=\/wp\/v2\/users\/1"}],"replies":[{"embeddable":true,"href":"https:\/\/josefinek.com\/index.php?rest_route=%2Fwp%2Fv2%2Fcomments&post=5"}],"version-history":[{"count":10,"href":"https:\/\/josefinek.com\/index.php?rest_route=\/wp\/v2\/pages\/5\/revisions"}],"predecessor-version":[{"id":312,"href":"https:\/\/josefinek.com\/index.php?rest_route=\/wp\/v2\/pages\/5\/revisions\/312"}],"wp:attachment":[{"href":"https:\/\/josefinek.com\/index.php?rest_route=%2Fwp%2Fv2%2Fmedia&parent=5"}],"curies":[{"name":"wp","href":"https:\/\/api.w.org\/{rel}","templated":true}]}}